{"id":75,"date":"2023-04-27T10:00:55","date_gmt":"2023-04-27T10:00:55","guid":{"rendered":"https:\/\/einstreubetrieb-abeln.de\/?page_id=75"},"modified":"2023-04-27T10:01:05","modified_gmt":"2023-04-27T10:01:05","slug":"impressum","status":"publish","type":"page","link":"https:\/\/www.einstreubetrieb-abeln.de\/?page_id=75","title":{"rendered":"Impressum"},"content":{"rendered":"\n  \n    <section class=\"u-clearfix u-section-1\" id=\"sec-a049\">\n      <div class=\"u-clearfix u-sheet u-sheet-1\">\n        <p class=\"u-text u-text-1\">Impressum&nbsp;<br>\n          <br>Angaben gem\u00e4\u00df \u00a7 5 TMG&nbsp;<br>\n          <br> Asprechpartner:&nbsp;<br>Einstreubetrieb Michael Abeln Hobelsp\u00e4neeinstreuung<br>Telgen 23<br>49751 Spahnharrenst\u00e4tte<br>Tel.: 05951 \/ 99 55 923<br>Fax: 05951 \/ 99 55 924<br>Mobil: 0171 \/ 233 08 34<br>\n          <a href=\"mailto:michael-abeln@t-online.de\" class=\"u-active-none u-border-none u-btn u-button-style u-hover-none u-none u-text-palette-1-base u-btn-1\">info@einstreubetrieb-abeln.de<\/a>\n          <br>www.einstreubetrieb-abeln.de<br>\n          <br>\n          <br>Technische Realisierung<br>&nbsp;<br>IT Plaggenborg<br>Web:&nbsp;<a href=\"http:\/\/www.it-plaggenborg.de\/\" class=\"u-active-none u-border-none u-btn u-button-style u-hover-none u-none u-text-palette-1-base u-btn-2\">www.it-plaggenborg.de<\/a>\n          <br>Mail: info@it-plaggenborg.de<br>\n          <br>\n          <br>Streitschlichtung&nbsp;<br>Die Europ\u00e4ische Kommission stellt eine Plattform zur Online-Streitbeilegung (OS) bereit:&nbsp;<br>https:\/\/ec.europa.eu\/consumers\/odr.&nbsp;<br>Unsere E-Mail-Adresse finden Sie oben im Impressum.&nbsp;<br>Wir sind nicht bereit oder verpflichtet, an Streitbeilegungsverfahren vor einer&nbsp;<br>Verbraucherschlichtungsstelle teilzunehmen.&nbsp;<br>\n          <br>\n          <br>Haftung f\u00fcr Inhalte&nbsp;<br>Als Diensteanbieter sind wir gem\u00e4\u00df \u00a7 7 Abs.1 TMG f\u00fcr eigene Inhalte auf diesen Seiten nach den&nbsp;<br>allgemeinen Gesetzen verantwortlich. Nach \u00a7\u00a7 8 bis 10 TMG sind wir als Diensteanbieter jedoch nicht&nbsp;<br>verpflichtet, \u00fcbermittelte oder gespeicherte fremde Informationen zu \u00fcberwachen oder nach Umst\u00e4nden zu&nbsp;<br>forschen, die auf eine rechtswidrige T\u00e4tigkeit hinweisen.&nbsp;<br>\n          <br>Verpflichtungen zur Entfernung oder Sperrung der Nutzung von Informationen nach den allgemeinen&nbsp;<br>Gesetzen bleiben hiervon unber\u00fchrt. Eine diesbez\u00fcgliche Haftung ist jedoch erst ab dem Zeitpunkt der&nbsp;<br>Kenntnis einer konkreten Rechtsverletzung m\u00f6glich. Bei Bekanntwerden von entsprechenden&nbsp;<br>Rechtsverletzungen werden wir diese Inhalte umgehend entfernen.&nbsp;<br>Haftung f\u00fcr Links&nbsp;<br>Unser Angebot enth\u00e4lt Links zu externen Websites Dritter, auf deren Inhalte wir keinen Einfluss haben.&nbsp;<br>Deshalb k\u00f6nnen wir f\u00fcr diese fremden Inhalte auch keine Gew\u00e4hr \u00fcbernehmen. F\u00fcr die Inhalte der&nbsp;<br>verlinkten Seiten ist stets der jeweilige Anbieter oder Betreiber der Seiten verantwortlich. Die verlinkten&nbsp;<br>Seiten wurden zum Zeitpunkt der Verlinkung auf m\u00f6gliche Rechtsverst\u00f6\u00dfe \u00fcberpr\u00fcft. Rechtswidrige Inhalte&nbsp;<br>waren zum Zeitpunkt der Verlinkung nicht erkennbar.&nbsp;<br>Eine permanente inhaltliche Kontrolle der verlinkten Seiten ist jedoch ohne konkrete Anhaltspunkte einer&nbsp;<br>Rechtsverletzung nicht zumutbar. Bei Bekanntwerden von Rechtsverletzungen werden wir derartige Links&nbsp;<br>umgehend entfernen.&nbsp;<br>Urheberrecht&nbsp;<br>Die durch die Seitenbetreiber erstellten Inhalte und Werke auf diesen Seiten unterliegen dem deutschen&nbsp;<br>Urheberrecht. Die Vervielf\u00e4ltigung, Bearbeitung, Verbreitung und jede Art der Verwertung au\u00dferhalb der&nbsp;<br>Grenzen des Urheberrechtes bed\u00fcrfen der schriftlichen Zustimmung des jeweiligen Autors bzw. Erstellers.&nbsp;<br>Downloads und Kopien dieser Seite sind nur f\u00fcr den privaten, nicht kommerziellen Gebrauch gestattet.&nbsp;<br>Soweit die Inhalte auf dieser Seite nicht vom Betreiber erstellt wurden, werden die Urheberrechte Dritter&nbsp;<br>beachtet. Insbesondere werden Inhalte Dritter als solche gekennzeichnet. Sollten Sie trotzdem auf eine&nbsp;<br>Urheberrechtsverletzung aufmerksam werden, bitten wir um einen entsprechenden Hinweis. Bei&nbsp;<br>Bekanntwerden von Rechtsverletzungen werden wir derartige Inhalte umgehend entfernen.&nbsp;<br>\n          <br>\n          <br>Quellenangaben f\u00fcr die verwendeten Videos, Bilder und Grafiken:<br>\n          <br>Adobe Stock - 46477093 - Chickens. Poultry farm - Von kharhan <br>Adobe Stock - 40605710 - Pigs in a barn II - Von caspernhdk <br>Adobe Stock - 33951046 - Holstein cows - Von bizoo_n <br>Adobe Stock - 69660250 - Servicequalit\u00e4t \/ Bewertung - Von Coloures-Pic <br>Adobe Stock - 743962 - chick - Von Gelpi <br>Adobe Stock - 38672248 - Farm animals collection - Von NMint <br>Adobe Stock - 73236687 - Pellets vor einem Kamin - Von maho<br>\n          <br>\n          <br>\n          <br>https:\/\/www.e-recht24.de\/impressum-generator.html\n        <\/p>\n      <\/div>\n    <\/section>\n    \n    \n    \n  \n","protected":false},"excerpt":{"rendered":"<p>Impressum&nbsp; Angaben gem\u00e4\u00df \u00a7 5 TMG&nbsp; Asprechpartner:&nbsp;Einstreubetrieb Michael Abeln Hobelsp\u00e4neeinstreuungTelgen 2349751 Spahnharrenst\u00e4tteTel.: 05951 \/ 99 55 923Fax: 05951 \/ 99 55 924Mobil: 0171 \/ 233 08 34 info@einstreubetrieb-abeln.de www.einstreubetrieb-abeln.de Technische Realisierung&nbsp;IT PlaggenborgWeb:&nbsp;www.it-plaggenborg.de Mail: info@it-plaggenborg.de Streitschlichtung&nbsp;Die Europ\u00e4ische Kommission stellt eine Plattform zur Online-Streitbeilegung (OS) bereit:&nbsp;https:\/\/ec.europa.eu\/consumers\/odr.&nbsp;Unsere E-Mail-Adresse finden Sie oben im Impressum.&nbsp;Wir sind nicht bereit oder verpflichtet, &hellip; <a href=\"https:\/\/www.einstreubetrieb-abeln.de\/?page_id=75\" class=\"more-link\">Continue reading<span class=\"screen-reader-text\"> &#8222;Impressum&#8220;<\/span><\/a><\/p>\n","protected":false},"author":1,"featured_media":0,"parent":0,"menu_order":4,"comment_status":"closed","ping_status":"closed","template":"","meta":{"footnotes":""},"class_list":["post-75","page","type-page","status-publish","hentry"],"_links":{"self":[{"href":"https:\/\/www.einstreubetrieb-abeln.de\/index.php?rest_route=\/wp\/v2\/pages\/75","targetHints":{"allow":["GET"]}}],"collection":[{"href":"https:\/\/www.einstreubetrieb-abeln.de\/index.php?rest_route=\/wp\/v2\/pages"}],"about":[{"href":"https:\/\/www.einstreubetrieb-abeln.de\/index.php?rest_route=\/wp\/v2\/types\/page"}],"author":[{"embeddable":true,"href":"https:\/\/www.einstreubetrieb-abeln.de\/index.php?rest_route=\/wp\/v2\/users\/1"}],"replies":[{"embeddable":true,"href":"https:\/\/www.einstreubetrieb-abeln.de\/index.php?rest_route=%2Fwp%2Fv2%2Fcomments&post=75"}],"version-history":[{"count":1,"href":"https:\/\/www.einstreubetrieb-abeln.de\/index.php?rest_route=\/wp\/v2\/pages\/75\/revisions"}],"predecessor-version":[{"id":93,"href":"https:\/\/www.einstreubetrieb-abeln.de\/index.php?rest_route=\/wp\/v2\/pages\/75\/revisions\/93"}],"wp:attachment":[{"href":"https:\/\/www.einstreubetrieb-abeln.de\/index.php?rest_route=%2Fwp%2Fv2%2Fmedia&parent=75"}],"curies":[{"name":"wp","href":"https:\/\/api.w.org\/{rel}","templated":true}]}}