{"id":74,"date":"2023-04-27T10:00:54","date_gmt":"2023-04-27T10:00:54","guid":{"rendered":"https:\/\/einstreubetrieb-abeln.de\/?page_id=74"},"modified":"2024-04-10T13:55:53","modified_gmt":"2024-04-10T13:55:53","slug":"produkte-futtermittel","status":"publish","type":"page","link":"https:\/\/www.einstreubetrieb-abeln.de\/?page_id=74","title":{"rendered":"Produkte &#8211; Futtermittel"},"content":{"rendered":"\n  \n    \n    <section class=\"u-carousel u-slide u-block-5547-1\" id=\"carousel-e589\" data-interval=\"5000\" data-u-ride=\"carousel\">\n      <ol class=\"u-absolute-hcenter u-carousel-indicators u-block-5547-2\">\n        <li data-u-target=\"#carousel-e589\" class=\"u-active u-grey-30\" data-u-slide-to=\"0\"><\/li>\n      <\/ol>\n      <div class=\"u-carousel-inner\" role=\"listbox\">\n        <div class=\"skrollable skrollable-between u-active u-align-center u-carousel-item u-clearfix u-image u-shading u-section-2-1\" src=\"\" data-image-width=\"1800\" data-image-height=\"1200\" style=\"background-image: linear-gradient(0deg, rgba(0, 0, 0, 0.4), rgba(0, 0, 0, 0.4)), url(&quot;https:\/\/www.einstreubetrieb-abeln.de\/wp-content\/uploads\/2023\/04\/AdobeStock_33951046.jpg&quot;);\">\n          <div class=\"u-clearfix u-sheet u-sheet-1\">\n            <h1 class=\"u-text u-text-1\">Einstreubetrieb Abeln<\/h1>\n            <p class=\"u-large-text u-text u-text-variant u-text-2\">Futtermittel<\/p>\n            <div class=\"u-clearfix u-expanded-width-xs u-layout-wrap u-layout-wrap-1\">\n              <div class=\"u-layout\">\n                <div class=\"u-layout-row\">\n                  <div class=\"u-align-center-sm u-align-center-xs u-align-right-lg u-align-right-md u-align-right-xl u-container-style u-layout-cell u-left-cell u-size-30 u-layout-cell-1\">\n                    <div class=\"u-container-layout u-valign-bottom u-container-layout-1\">\n                      <a href=\"https:\/\/einstreubetrieb-abeln.de\/?page_id=80\" class=\"u-align-center u-border-none u-btn u-btn-round u-button-style u-custom-color-2 u-radius-50 u-btn-1\">Angebot anfordern<\/a>\n                    <\/div>\n                  <\/div>\n                  <div class=\"u-align-center-sm u-align-center-xs u-align-left-lg u-align-left-md u-align-left-xl u-container-style u-layout-cell u-right-cell u-size-30 u-layout-cell-2\">\n                    <div class=\"u-container-layout u-valign-bottom u-container-layout-2\">\n                      <a href=\"https:\/\/einstreubetrieb-abeln.de\/?page_id=81\" class=\"u-align-center u-border-none u-btn u-btn-round u-button-style u-custom-color-2 u-radius-50 u-btn-2\">Unsere Leistungen<\/a>\n                    <\/div>\n                  <\/div>\n                <\/div>\n              <\/div>\n            <\/div>\n          <\/div>\n        <\/div>\n      <\/div>\n      <a class=\"u-absolute-vcenter u-carousel-control u-carousel-control-prev u-text-grey-30 u-block-5547-3\" href=\"#carousel-e589\" role=\"button\" data-u-slide=\"prev\">\n        <span aria-hidden=\"true\">\n          <svg class=\"u-svg-link\" viewBox=\"0 0 477.175 477.175\"><path d=\"M145.188,238.575l215.5-215.5c5.3-5.3,5.3-13.8,0-19.1s-13.8-5.3-19.1,0l-225.1,225.1c-5.3,5.3-5.3,13.8,0,19.1l225.1,225\n                    c2.6,2.6,6.1,4,9.5,4s6.9-1.3,9.5-4c5.3-5.3,5.3-13.8,0-19.1L145.188,238.575z\"><\/path><\/svg>\n        <\/span>\n        <span class=\"sr-only\">Previous<\/span>\n      <\/a>\n      <a class=\"u-absolute-vcenter u-carousel-control u-carousel-control-next u-text-grey-30 u-block-5547-4\" href=\"#carousel-e589\" role=\"button\" data-u-slide=\"next\">\n        <span aria-hidden=\"true\">\n          <svg class=\"u-svg-link\" viewBox=\"0 0 477.175 477.175\"><path d=\"M360.731,229.075l-225.1-225.1c-5.3-5.3-13.8-5.3-19.1,0s-5.3,13.8,0,19.1l215.5,215.5l-215.5,215.5\n                    c-5.3,5.3-5.3,13.8,0,19.1c2.6,2.6,6.1,4,9.5,4c3.4,0,6.9-1.3,9.5-4l225.1-225.1C365.931,242.875,365.931,234.275,360.731,229.075z\"><\/path><\/svg>\n        <\/span>\n        <span class=\"sr-only\">Weiter<\/span>\n      <\/a>\n    <\/section>\n    <section class=\"u-align-center u-clearfix u-white u-section-3\" id=\"carousel_4c83\">\n      <div class=\"u-clearfix u-sheet u-sheet-1\">\n        <h3 class=\"u-custom-font u-font-montserrat u-text u-text-1\" data-animation-name=\"customAnimationIn\" data-animation-duration=\"1000\"> Unser Umfangreiches Leistungsangebot<\/h3>\n        <h6 class=\"u-text u-text-2\" data-animation-name=\"customAnimationIn\" data-animation-duration=\"1000\" data-animation-direction=\"Left\"> Wir vom Einstreubetrieb Abeln bieten Ihnen das Einstreuen von H\u00e4hnchenmastst\u00e4llen an<\/h6>\n        <div class=\"u-border-10 u-border-palette-3-base u-expanded-width u-line u-line-horizontal u-line-1\" data-animation-name=\"customAnimationIn\" data-animation-duration=\"1000\"><\/div>\n      <\/div>\n    <\/section>\n    <section class=\"u-clearfix u-palette-3-base u-section-4\" id=\"carousel_c6aa\">\n      <div class=\"u-expanded-width u-shape u-shape-rectangle u-white u-shape-1\"><\/div>\n      <p class=\"u-text u-text-grey-40 u-text-1\" data-animation-name=\"customAnimationIn\" data-animation-duration=\"1000\"> Bei uns stehen Ihnen eine Vielzahl von landwirtschaftlichen Zubeh\u00f6r zur Verf\u00fcgung. F\u00fcr mehr Informationen sprechen Sie uns an. Benutzen Sie unser Kontaktformular oder rufen uns einfach an.<\/p>\n    <\/section>\n    \n    \n    \n  \n","protected":false},"excerpt":{"rendered":"<p>Einstreubetrieb Abeln Futtermittel Angebot anfordern Unsere Leistungen Previous Weiter Unser Umfangreiches Leistungsangebot Wir vom Einstreubetrieb Abeln bieten Ihnen das Einstreuen von H\u00e4hnchenmastst\u00e4llen an Bei uns stehen Ihnen eine Vielzahl von landwirtschaftlichen Zubeh\u00f6r zur Verf\u00fcgung. F\u00fcr mehr Informationen sprechen Sie uns an. Benutzen Sie unser Kontaktformular oder rufen uns einfach an.<\/p>\n","protected":false},"author":1,"featured_media":0,"parent":0,"menu_order":3,"comment_status":"closed","ping_status":"closed","template":"","meta":{"footnotes":""},"class_list":["post-74","page","type-page","status-publish","hentry"],"_links":{"self":[{"href":"https:\/\/www.einstreubetrieb-abeln.de\/index.php?rest_route=\/wp\/v2\/pages\/74","targetHints":{"allow":["GET"]}}],"collection":[{"href":"https:\/\/www.einstreubetrieb-abeln.de\/index.php?rest_route=\/wp\/v2\/pages"}],"about":[{"href":"https:\/\/www.einstreubetrieb-abeln.de\/index.php?rest_route=\/wp\/v2\/types\/page"}],"author":[{"embeddable":true,"href":"https:\/\/www.einstreubetrieb-abeln.de\/index.php?rest_route=\/wp\/v2\/users\/1"}],"replies":[{"embeddable":true,"href":"https:\/\/www.einstreubetrieb-abeln.de\/index.php?rest_route=%2Fwp%2Fv2%2Fcomments&post=74"}],"version-history":[{"count":3,"href":"https:\/\/www.einstreubetrieb-abeln.de\/index.php?rest_route=\/wp\/v2\/pages\/74\/revisions"}],"predecessor-version":[{"id":333,"href":"https:\/\/www.einstreubetrieb-abeln.de\/index.php?rest_route=\/wp\/v2\/pages\/74\/revisions\/333"}],"wp:attachment":[{"href":"https:\/\/www.einstreubetrieb-abeln.de\/index.php?rest_route=%2Fwp%2Fv2%2Fmedia&parent=74"}],"curies":[{"name":"wp","href":"https:\/\/api.w.org\/{rel}","templated":true}]}}