{"id":73,"date":"2023-04-27T10:00:53","date_gmt":"2023-04-27T10:00:53","guid":{"rendered":"https:\/\/einstreubetrieb-abeln.de\/?page_id=73"},"modified":"2023-08-03T14:03:04","modified_gmt":"2023-08-03T14:03:04","slug":"produkte-brennstoffe","status":"publish","type":"page","link":"https:\/\/www.einstreubetrieb-abeln.de\/?page_id=73","title":{"rendered":"Produkte &#8211; Brennstoffe"},"content":{"rendered":"\n  \n    \n    <section class=\"u-carousel u-slide u-block-5547-1\" id=\"carousel_36e7\" data-interval=\"5000\" data-u-ride=\"carousel\">\n      <ol class=\"u-absolute-hcenter u-carousel-indicators u-block-5547-2\">\n        <li data-u-target=\"#carousel_36e7\" class=\"u-active u-grey-30\" data-u-slide-to=\"0\"><\/li>\n      <\/ol>\n      <div class=\"u-carousel-inner\" role=\"listbox\">\n        <div class=\"skrollable skrollable-between u-active u-align-center u-carousel-item u-clearfix u-image u-shading u-section-2-1\" src=\"\" data-image-width=\"1800\" data-image-height=\"1200\" style=\"background-image: linear-gradient(0deg, rgba(0, 0, 0, 0.4), rgba(0, 0, 0, 0.4)), url(&quot;https:\/\/www.einstreubetrieb-abeln.de\/wp-content\/uploads\/2023\/04\/AdobeStock_73236687.jpg&quot;);\">\n          <div class=\"u-clearfix u-sheet u-sheet-1\">\n            <h1 class=\"u-text u-text-1\">Einstreubetrieb Abeln<\/h1>\n            <p class=\"u-large-text u-text u-text-variant u-text-2\">Brennstoffe<\/p>\n            <div class=\"u-clearfix u-expanded-width-xs u-layout-wrap u-layout-wrap-1\">\n              <div class=\"u-layout\">\n                <div class=\"u-layout-row\">\n                  <div class=\"u-align-center-sm u-align-center-xs u-align-right-lg u-align-right-md u-align-right-xl u-container-style u-layout-cell u-left-cell u-size-30 u-layout-cell-1\">\n                    <div class=\"u-container-layout u-valign-bottom u-container-layout-1\">\n                      <a href=\"https:\/\/einstreubetrieb-abeln.de\/?page_id=80\" class=\"u-align-center u-border-none u-btn u-btn-round u-button-style u-custom-color-2 u-radius-50 u-btn-1\">Angebot anfordern<\/a>\n                    <\/div>\n                  <\/div>\n                  <div class=\"u-align-center-sm u-align-center-xs u-align-left-lg u-align-left-md u-align-left-xl u-container-style u-layout-cell u-right-cell u-size-30 u-layout-cell-2\">\n                    <div class=\"u-container-layout u-valign-bottom u-container-layout-2\">\n                      <a href=\"https:\/\/einstreubetrieb-abeln.de\/?page_id=81\" class=\"u-align-center u-border-none u-btn u-btn-round u-button-style u-custom-color-2 u-radius-50 u-btn-2\">Unsere Leistungen<\/a>\n                    <\/div>\n                  <\/div>\n                <\/div>\n              <\/div>\n            <\/div>\n          <\/div>\n        <\/div>\n      <\/div>\n      <a class=\"u-absolute-vcenter u-carousel-control u-carousel-control-prev u-text-grey-30 u-block-5547-3\" href=\"#carousel_36e7\" role=\"button\" data-u-slide=\"prev\">\n        <span aria-hidden=\"true\">\n          <svg class=\"u-svg-link\" viewBox=\"0 0 477.175 477.175\"><path d=\"M145.188,238.575l215.5-215.5c5.3-5.3,5.3-13.8,0-19.1s-13.8-5.3-19.1,0l-225.1,225.1c-5.3,5.3-5.3,13.8,0,19.1l225.1,225\n                    c2.6,2.6,6.1,4,9.5,4s6.9-1.3,9.5-4c5.3-5.3,5.3-13.8,0-19.1L145.188,238.575z\"><\/path><\/svg>\n        <\/span>\n        <span class=\"sr-only\">Previous<\/span>\n      <\/a>\n      <a class=\"u-absolute-vcenter u-carousel-control u-carousel-control-next u-text-grey-30 u-block-5547-4\" href=\"#carousel_36e7\" role=\"button\" data-u-slide=\"next\">\n        <span aria-hidden=\"true\">\n          <svg class=\"u-svg-link\" viewBox=\"0 0 477.175 477.175\"><path d=\"M360.731,229.075l-225.1-225.1c-5.3-5.3-13.8-5.3-19.1,0s-5.3,13.8,0,19.1l215.5,215.5l-215.5,215.5\n                    c-5.3,5.3-5.3,13.8,0,19.1c2.6,2.6,6.1,4,9.5,4c3.4,0,6.9-1.3,9.5-4l225.1-225.1C365.931,242.875,365.931,234.275,360.731,229.075z\"><\/path><\/svg>\n        <\/span>\n        <span class=\"sr-only\">Weiter<\/span>\n      <\/a>\n    <\/section>\n    <section class=\"u-align-center u-clearfix u-white u-section-3\" id=\"carousel_4c83\">\n      <div class=\"u-clearfix u-sheet u-sheet-1\">\n        <h3 class=\"u-custom-font u-font-montserrat u-text u-text-1\" data-animation-name=\"customAnimationIn\" data-animation-duration=\"1000\"> Unser Umfangreiches Leistungsangebot<\/h3>\n        <h6 class=\"u-text u-text-2\" data-animation-name=\"customAnimationIn\" data-animation-duration=\"1000\" data-animation-direction=\"Left\"> Wir vom Einstreubetrieb Abeln bieten Ihnen das Einstreuen von H\u00e4hnchenmastst\u00e4llen an<\/h6>\n        <div class=\"u-border-10 u-border-palette-3-base u-expanded-width u-line u-line-horizontal u-line-1\" data-animation-name=\"customAnimationIn\" data-animation-duration=\"1000\"><\/div>\n      <\/div>\n    <\/section>\n    <section class=\"u-clearfix u-palette-3-base u-section-4\" id=\"carousel_c6aa\">\n      <div class=\"u-expanded-width u-shape u-shape-rectangle u-white u-shape-1\"><\/div>\n      <p class=\"u-text u-text-grey-40 u-text-1\" data-animation-name=\"customAnimationIn\" data-animation-duration=\"1000\"> Bei uns stehen Ihnen eine Vielzahl von landwirtschaftlichen Zubeh\u00f6r zur Verf\u00fcgung. F\u00fcr mehr Informationen sprechen Sie uns an. Benutzen Sie unser Kontaktformular oder rufen uns einfach an.<\/p>\n    <\/section>\n    <section class=\"u-align-center u-clearfix u-grey-5 u-section-5\" id=\"carousel_3a24\">\n      <div class=\"u-clearfix u-sheet u-sheet-1\">\n        <h3 class=\"u-custom-font u-font-montserrat u-text u-text-1\" data-animation-name=\"customAnimationIn\" data-animation-duration=\"1000\"> Brennpellets<\/h3>\n        <h6 class=\"u-text u-text-2\" data-animation-name=\"customAnimationIn\" data-animation-duration=\"1000\">Gerne beraten wir sie nat\u00fcrlich auch Telefonisch oder vor Ort<\/h6>\n        <div class=\"u-border-10 u-border-palette-3-base u-expanded-width u-line u-line-horizontal u-line-1\" data-animation-name=\"customAnimationIn\" data-animation-duration=\"1000\"><\/div>\n      <\/div>\n    <\/section>\n    <section class=\"u-align-center u-clearfix u-section-6\" id=\"carousel_f397\">\n      <div class=\"u-clearfix u-sheet u-sheet-1\">\n        <div class=\"u-clearfix u-expanded-width u-layout-wrap u-layout-wrap-1\">\n          <div class=\"u-layout\">\n            <div class=\"u-layout-row\">\n              <div class=\"u-align-left u-container-style u-layout-cell u-size-18 u-layout-cell-1\">\n                <div class=\"u-container-layout u-container-layout-1\">\n                  <img decoding=\"async\" class=\"u-expanded-width u-image u-image-round u-radius-10 u-image-1\" src=\"https:\/\/www.einstreubetrieb-abeln.de\/wp-content\/uploads\/2023\/04\/AdobeStock_73236687.jpg\" alt=\"\" data-image-width=\"1800\" data-image-height=\"1200\">\n                <\/div>\n              <\/div>\n              <div class=\"u-container-style u-layout-cell u-size-42 u-white u-layout-cell-2\">\n                <div class=\"u-container-layout u-valign-top u-container-layout-2\">\n                  <div class=\"u-accordion u-expanded-width u-spacing-2 u-accordion-1\">\n                    <div class=\"u-accordion-item u-accordion-item-1\">\n                      <a class=\"active u-accordion-link u-active-grey-5 u-button-style u-text-active-palette-1-base u-text-body-color u-accordion-link-1\" id=\"link-accordion-7c0e\" aria-controls=\"accordion-7c0e\" aria-selected=\"true\">\n                        <span class=\"u-accordion-link-text\"> Produktbeschreibung<\/span><span class=\"u-accordion-link-icon u-icon u-icon-rounded u-palette-1-base u-text-white u-icon-1\"><svg class=\"u-svg-link\" preserveAspectRatio=\"xMidYMin slice\" viewBox=\"0 0 426.66667 426.66667\" style=\"\"><use xmlns:xlink=\"http:\/\/www.w3.org\/1999\/xlink\" xlink:href=\"#svg-347e\"><\/use><\/svg><svg class=\"u-svg-content\" viewBox=\"0 0 426.66667 426.66667\" id=\"svg-347e\"><path d=\"m405.332031 192h-170.664062v-170.667969c0-11.773437-9.558594-21.332031-21.335938-21.332031-11.773437 0-21.332031 9.558594-21.332031 21.332031v170.667969h-170.667969c-11.773437 0-21.332031 9.558594-21.332031 21.332031 0 11.777344 9.558594 21.335938 21.332031 21.335938h170.667969v170.664062c0 11.777344 9.558594 21.335938 21.332031 21.335938 11.777344 0 21.335938-9.558594 21.335938-21.335938v-170.664062h170.664062c11.777344 0 21.335938-9.558594 21.335938-21.335938 0-11.773437-9.558594-21.332031-21.335938-21.332031zm0 0\"><\/path><\/svg><\/span>\n                      <\/a>\n                      <div class=\"u-accordion-active u-accordion-pane u-align-left u-container-style u-white u-accordion-pane-1\" id=\"accordion-7c0e\" aria-labelledby=\"link-accordion-7c0e\">\n                        <div class=\"u-container-layout u-container-layout-3\">\n                          <p class=\"u-large-text u-text u-text-variant u-text-1\"> Die Heizpellets sind ein absolutes Premiumprodukt und \u00fcberzeugen durch ihre hervorragenden Brenneigenschaften.<br>Sie werden aus den besten Rohstoffen gefertigt und sind nach ENplus A1 und DINplus aus zertifiziert.&nbsp;<br>\n                            <br>- hohe Energieausbeute<br>- CO2 neutral<br>- ausgezeichnet mit dem ENplus-Qualit\u00e4tssiegel<br>- problemlose Lagerung und einfacher Transport<br>- Der Aschegehalt liegt bei 0,3 bis 0,4 %<br>\n                            <br>erh\u00e4ltlich in Big-Bag 1000kg und Sackware 15 kg&nbsp; \n                          <\/p>\n                        <\/div>\n                      <\/div>\n                    <\/div>\n                    <div class=\"u-accordion-item u-accordion-item-2\">\n                      <a class=\"u-accordion-link u-active-grey-5 u-button-style u-text-active-palette-1-base u-text-body-color u-accordion-link-2\" id=\"link-accordion-05cb\" aria-controls=\"accordion-05cb\" aria-selected=\"false\">\n                        <span class=\"u-accordion-link-text\">Preis<\/span><span class=\"u-accordion-link-icon u-icon u-icon-rounded u-palette-1-base u-text-white u-icon-2\"><svg class=\"u-svg-link\" preserveAspectRatio=\"xMidYMin slice\" viewBox=\"0 0 426.66667 426.66667\" style=\"\"><use xmlns:xlink=\"http:\/\/www.w3.org\/1999\/xlink\" xlink:href=\"#svg-ae03\"><\/use><\/svg><svg class=\"u-svg-content\" viewBox=\"0 0 426.66667 426.66667\" id=\"svg-ae03\"><path d=\"m405.332031 192h-170.664062v-170.667969c0-11.773437-9.558594-21.332031-21.335938-21.332031-11.773437 0-21.332031 9.558594-21.332031 21.332031v170.667969h-170.667969c-11.773437 0-21.332031 9.558594-21.332031 21.332031 0 11.777344 9.558594 21.335938 21.332031 21.335938h170.667969v170.664062c0 11.777344 9.558594 21.335938 21.332031 21.335938 11.777344 0 21.335938-9.558594 21.335938-21.335938v-170.664062h170.664062c11.777344 0 21.335938-9.558594 21.335938-21.335938 0-11.773437-9.558594-21.332031-21.335938-21.332031zm0 0\"><\/path><\/svg><\/span>\n                      <\/a>\n                      <div class=\"u-accordion-pane u-align-left u-container-style u-white u-accordion-pane-2\" id=\"accordion-05cb\" aria-labelledby=\"link-accordion-05cb\">\n                        <div class=\"u-container-layout u-valign-top u-container-layout-4\">\n                          <p class=\"u-text u-text-2\"> Preis: auf Anfrage<br>\n                            <br>Palettenpreis oder gr\u00f6\u00dfere Mengen auf Anfrage \n                          <\/p>\n                          <a href=\"https:\/\/einstreubetrieb-abeln.de\/?page_id=80\" class=\"u-border-none u-btn u-btn-round u-button-style u-custom-color-2 u-hover-palette-3-base u-radius-1 u-btn-1\" target=\"_blank\"><span class=\"u-file-icon u-icon u-icon-3\"><img decoding=\"async\" src=\"https:\/\/www.einstreubetrieb-abeln.de\/wp-content\/uploads\/2023\/04\/6421883.png\" alt=\"\"><\/span>&nbsp;Angebot Anfordern \n                          <\/a>\n                        <\/div>\n                      <\/div>\n                    <\/div>\n                    <div class=\"u-accordion-item u-accordion-item-3\">\n                      <a class=\"u-accordion-link u-active-grey-5 u-button-style u-text-active-palette-1-base u-text-body-color u-accordion-link-3\" id=\"link-accordion-a6bb\" aria-controls=\"accordion-a6bb\" aria-selected=\"false\">\n                        <span class=\"u-accordion-link-text\">Lieferung<\/span><span class=\"u-accordion-link-icon u-icon u-icon-rounded u-palette-1-base u-text-white u-icon-4\"><svg class=\"u-svg-link\" preserveAspectRatio=\"xMidYMin slice\" viewBox=\"0 0 426.66667 426.66667\" style=\"\"><use xmlns:xlink=\"http:\/\/www.w3.org\/1999\/xlink\" xlink:href=\"#svg-a4a8\"><\/use><\/svg><svg class=\"u-svg-content\" viewBox=\"0 0 426.66667 426.66667\" id=\"svg-a4a8\"><path d=\"m405.332031 192h-170.664062v-170.667969c0-11.773437-9.558594-21.332031-21.335938-21.332031-11.773437 0-21.332031 9.558594-21.332031 21.332031v170.667969h-170.667969c-11.773437 0-21.332031 9.558594-21.332031 21.332031 0 11.777344 9.558594 21.335938 21.332031 21.335938h170.667969v170.664062c0 11.777344 9.558594 21.335938 21.332031 21.335938 11.777344 0 21.335938-9.558594 21.335938-21.335938v-170.664062h170.664062c11.777344 0 21.335938-9.558594 21.335938-21.335938 0-11.773437-9.558594-21.332031-21.335938-21.332031zm0 0\"><\/path><\/svg><\/span>\n                      <\/a>\n                      <div class=\"u-accordion-pane u-align-left u-container-style u-white u-accordion-pane-3\" id=\"accordion-a6bb\" aria-labelledby=\"link-accordion-a6bb\">\n                        <div class=\"u-container-layout u-container-layout-5\">\n                          <p class=\"u-text u-text-3\"> Deutschlandweite Lieferung auf Anfrage m\u00f6glich.&nbsp;<br>\n                          <\/p>\n                        <\/div>\n                      <\/div>\n                    <\/div>\n                  <\/div>\n                <\/div>\n              <\/div>\n            <\/div>\n          <\/div>\n        <\/div>\n      <\/div>\n    <\/section>\n    \n    \n  \n","protected":false},"excerpt":{"rendered":"<p>Einstreubetrieb Abeln Brennstoffe Angebot anfordern Unsere Leistungen Previous Weiter Unser Umfangreiches Leistungsangebot Wir vom Einstreubetrieb Abeln bieten Ihnen das Einstreuen von H\u00e4hnchenmastst\u00e4llen an Bei uns stehen Ihnen eine Vielzahl von landwirtschaftlichen Zubeh\u00f6r zur Verf\u00fcgung. F\u00fcr mehr Informationen sprechen Sie uns an. Benutzen Sie unser Kontaktformular oder rufen uns einfach an. Brennpellets Gerne beraten wir sie &hellip; <a href=\"https:\/\/www.einstreubetrieb-abeln.de\/?page_id=73\" class=\"more-link\">Continue reading<span class=\"screen-reader-text\"> &#8222;Produkte &#8211; Brennstoffe&#8220;<\/span><\/a><\/p>\n","protected":false},"author":1,"featured_media":0,"parent":0,"menu_order":2,"comment_status":"closed","ping_status":"closed","template":"","meta":{"footnotes":""},"class_list":["post-73","page","type-page","status-publish","hentry"],"_links":{"self":[{"href":"https:\/\/www.einstreubetrieb-abeln.de\/index.php?rest_route=\/wp\/v2\/pages\/73","targetHints":{"allow":["GET"]}}],"collection":[{"href":"https:\/\/www.einstreubetrieb-abeln.de\/index.php?rest_route=\/wp\/v2\/pages"}],"about":[{"href":"https:\/\/www.einstreubetrieb-abeln.de\/index.php?rest_route=\/wp\/v2\/types\/page"}],"author":[{"embeddable":true,"href":"https:\/\/www.einstreubetrieb-abeln.de\/index.php?rest_route=\/wp\/v2\/users\/1"}],"replies":[{"embeddable":true,"href":"https:\/\/www.einstreubetrieb-abeln.de\/index.php?rest_route=%2Fwp%2Fv2%2Fcomments&post=73"}],"version-history":[{"count":2,"href":"https:\/\/www.einstreubetrieb-abeln.de\/index.php?rest_route=\/wp\/v2\/pages\/73\/revisions"}],"predecessor-version":[{"id":205,"href":"https:\/\/www.einstreubetrieb-abeln.de\/index.php?rest_route=\/wp\/v2\/pages\/73\/revisions\/205"}],"wp:attachment":[{"href":"https:\/\/www.einstreubetrieb-abeln.de\/index.php?rest_route=%2Fwp%2Fv2%2Fmedia&parent=73"}],"curies":[{"name":"wp","href":"https:\/\/api.w.org\/{rel}","templated":true}]}}